{"id":64,"date":"2018-11-13T19:38:16","date_gmt":"2018-11-13T18:38:16","guid":{"rendered":"http:\/\/versusconsultores.eu\/?page_id=64"},"modified":"2021-03-05T12:45:16","modified_gmt":"2021-03-05T11:45:16","slug":"acerca-de-nosotros","status":"publish","type":"page","link":"http:\/\/versusconsultores.eu\/index.php\/acerca-de-nosotros\/","title":{"rendered":"Acerca de nosotros"},"content":{"rendered":"\n<div class=\"wp-block-media-text alignwide\" style=\"grid-template-columns:25% auto\"><figure class=\"wp-block-media-text__media\"><img loading=\"lazy\" width=\"768\" height=\"1024\" src=\"http:\/\/versusconsultores.eu\/wp-content\/uploads\/2021\/01\/image1-2-copia.jpeg\" alt=\"\" class=\"wp-image-1012\" srcset=\"http:\/\/versusconsultores.eu\/wp-content\/uploads\/2021\/01\/image1-2-copia.jpeg 768w, http:\/\/versusconsultores.eu\/wp-content\/uploads\/2021\/01\/image1-2-copia-225x300.jpeg 225w\" sizes=\"(max-width: 767px) 89vw, (max-width: 1000px) 54vw, (max-width: 1071px) 543px, 580px\" \/><\/figure><div class=\"wp-block-media-text__content\">\n<h2><strong>Jaume Serra<\/strong><\/h2>\n\n\n\n<p><strong>Socio<\/strong> <strong>Director de VERSUS SkillsTraining. Consultor en RRHH\/Formador<\/strong>. <strong>Licenciado en Psicolog\u00eda de las Organizaciones<\/strong>.<\/p>\n<\/div><\/div>\n\n\n\n<h4>Jaume inicia su recorrido hace m\u00e1s de 25 a\u00f1os en el mundo de la consultor\u00eda de Recursos Humanos, especializ\u00e1ndose en el \u00e1rea de Gesti\u00f3n y Desarrollo de la Formaci\u00f3n. Tiene larga experiencia en la Formaci\u00f3n de Autor: dise\u00f1o, creaci\u00f3n e impartici\u00f3n de Formaci\u00f3n para empresas.<\/h4>\n\n\n\n<h4>Cuenta con una basta experiencia en \u00c1rea de Desarrollo de Personas y Asesor\/Formador para equipos de Direcci\u00f3n. Impartici\u00f3n de Programas de Desarrollo Comercial.<\/h4>\n\n\n\n<h4>Ha trabajado en la mayor\u00eda de los sectores, en clientes como: Col\u00b7legiAparelladors i Arquit\u00e8ctesT\u00e8cnics, Burberry, Tous, Levis, General Optica, RBA Editores, La Caixa, AP Grupo, V.A.E.SA, Cacaolat, Vichy Catal\u00e1n, La Sirena, Intermarche, Bonpreu, Miquel Alimentaci\u00f3 , Hospital General de Catalunya (Grupo Quiron), Hospital la Fe de Valencia, Sagrat Cor, Alfaparf, Hoteles Hesperia, Domestico Shop, Estoli, Proquimia, Simon, Grupo Valle, entre otros).<\/h4>\n\n\n\n<p><strong>Colaboraciones con Escuelas: Eada, Esade, Escola d\u2019Enfermeria Vall d\u2019Hebron, Escola Elisava, Escola d\u2019Arts i T\u00e8cniques de la Moda, IEF, Fundaci\u00f3n EMI.&nbsp;&nbsp;&nbsp;&nbsp;&nbsp;<\/strong>&nbsp;&nbsp;&nbsp;&nbsp;&nbsp;<\/p>\n\n\n\n<div style=\"height:44px\" aria-hidden=\"true\" class=\"wp-block-spacer\"><\/div>\n\n\n\n<div class=\"wp-block-media-text alignwide\" style=\"grid-template-columns:25% auto\"><figure class=\"wp-block-media-text__media\"><img loading=\"lazy\" width=\"328\" height=\"415\" src=\"http:\/\/versusconsultores.eu\/wp-content\/uploads\/2020\/11\/IMG_2213-copia.jpg\" alt=\"\" class=\"wp-image-738\" srcset=\"http:\/\/versusconsultores.eu\/wp-content\/uploads\/2020\/11\/IMG_2213-copia.jpg 328w, http:\/\/versusconsultores.eu\/wp-content\/uploads\/2020\/11\/IMG_2213-copia-237x300.jpg 237w\" sizes=\"(max-width: 328px) 100vw, 328px\" \/><\/figure><div class=\"wp-block-media-text__content\">\n<h2><strong>Ana Mar\u00eda Bejarano Marzal <\/strong><\/h2>\n\n\n\n<p><strong>Sales Manager en la marca Versus Skills Training<\/strong><\/p>\n<\/div><\/div>\n\n\n\n<h4>Sus inicios como profesional empiezan en el sector deI Information Technology hace m\u00e1s de 25 a\u00f1os, especializ\u00e1ndose en Ventas para la gesti\u00f3n de Grandes Cuentas en Italia\/Espa\u00f1a, en clientes como Getronics (Olivetti Solutions), Siemens, Dell, Hewlett Packard, Compaq, Telef\u00f3nica, Auna, &#8230; <\/h4>\n\n\n\n<h4>En 2003 comenz\u00f3 su aventura en el mundo de la moda, inicialmente como Ejecutivo de Ventas de marcas internacionales para el mercado espa\u00f1ol y luego con su propia empresa de moda online. Desde 2018 inicia en el maravilloso mundo de la Consultor\u00eda de RRHH en el \u00c1rea de Gesti\u00f3n y Desarrollo de la Formaci\u00f3n para empresas. <\/h4>\n\n\n\n<p><strong>Todas estas experiencias le han permitido especializarse en la gesti\u00f3n comercial acorde al sector, mercado y canal de venta. Su carrera profesional se ha desarrollado tanto a nivel Nacional como Internacional, por lo que su visi\u00f3n y experiencia laboral es muy amplia. <\/strong><\/p>\n","protected":false},"excerpt":{"rendered":"<p>Jaume Serra Socio Director de VERSUS SkillsTraining. Consultor en RRHH\/Formador. Licenciado en Psicolog\u00eda de las Organizaciones. Jaume inicia su recorrido hace m\u00e1s de 25 a\u00f1os en el mundo de la consultor\u00eda de Recursos Humanos, especializ\u00e1ndose en el \u00e1rea de Gesti\u00f3n y Desarrollo de la Formaci\u00f3n. Tiene larga experiencia en la Formaci\u00f3n de Autor: dise\u00f1o, creaci\u00f3n &hellip; <\/p>\n<p class=\"link-more\"><a href=\"http:\/\/versusconsultores.eu\/index.php\/acerca-de-nosotros\/\" class=\"more-link\">Continuar leyendo<span class=\"screen-reader-text\"> \u00abAcerca de nosotros\u00bb<\/span><\/a><\/p>\n","protected":false},"author":1,"featured_media":0,"parent":0,"menu_order":3,"comment_status":"closed","ping_status":"closed","template":"","meta":[],"_links":{"self":[{"href":"http:\/\/versusconsultores.eu\/index.php\/wp-json\/wp\/v2\/pages\/64"}],"collection":[{"href":"http:\/\/versusconsultores.eu\/index.php\/wp-json\/wp\/v2\/pages"}],"about":[{"href":"http:\/\/versusconsultores.eu\/index.php\/wp-json\/wp\/v2\/types\/page"}],"author":[{"embeddable":true,"href":"http:\/\/versusconsultores.eu\/index.php\/wp-json\/wp\/v2\/users\/1"}],"replies":[{"embeddable":true,"href":"http:\/\/versusconsultores.eu\/index.php\/wp-json\/wp\/v2\/comments?post=64"}],"version-history":[{"count":11,"href":"http:\/\/versusconsultores.eu\/index.php\/wp-json\/wp\/v2\/pages\/64\/revisions"}],"predecessor-version":[{"id":1018,"href":"http:\/\/versusconsultores.eu\/index.php\/wp-json\/wp\/v2\/pages\/64\/revisions\/1018"}],"wp:attachment":[{"href":"http:\/\/versusconsultores.eu\/index.php\/wp-json\/wp\/v2\/media?parent=64"}],"curies":[{"name":"wp","href":"https:\/\/api.w.org\/{rel}","templated":true}]}}