{"id":7,"date":"2018-11-09T17:13:27","date_gmt":"2018-11-09T16:13:27","guid":{"rendered":"http:\/\/versusconsultores.eu\/?page_id=7"},"modified":"2021-01-25T18:15:03","modified_gmt":"2021-01-25T17:15:03","slug":"inicio","status":"publish","type":"page","link":"http:\/\/versusconsultores.eu\/","title":{"rendered":"\u00bfQuienes somos y que hacemos ?"},"content":{"rendered":"\n<figure class=\"wp-block-gallery columns-5\"><ul class=\"blocks-gallery-grid\"><li class=\"blocks-gallery-item\"><figure><img loading=\"lazy\" width=\"235\" height=\"56\" src=\"http:\/\/versusconsultores.eu\/wp-content\/uploads\/2019\/06\/aptitude@3x-1.png\" alt=\"\" data-id=\"502\" data-link=\"http:\/\/versusconsultores.eu\/index.php\/inicio\/aptitude3x-2\/\" class=\"wp-image-502\"\/><\/figure><\/li><li class=\"blocks-gallery-item\"><figure><img loading=\"lazy\" width=\"160\" height=\"45\" src=\"http:\/\/versusconsultores.eu\/wp-content\/uploads\/2019\/06\/belief@3x-1.png\" alt=\"\" data-id=\"503\" data-link=\"http:\/\/versusconsultores.eu\/index.php\/inicio\/belief3x-2\/\" class=\"wp-image-503\"\/><\/figure><\/li><li class=\"blocks-gallery-item\"><figure><img loading=\"lazy\" width=\"278\" height=\"57\" src=\"http:\/\/versusconsultores.eu\/wp-content\/uploads\/2019\/06\/capability@3x.png\" alt=\"\" data-id=\"504\" data-link=\"http:\/\/versusconsultores.eu\/index.php\/inicio\/capability3x\/\" class=\"wp-image-504\"\/><\/figure><\/li><li class=\"blocks-gallery-item\"><figure><img loading=\"lazy\" width=\"265\" height=\"56\" src=\"http:\/\/versusconsultores.eu\/wp-content\/uploads\/2019\/06\/expertise@3x-1.png\" alt=\"\" data-id=\"505\" data-link=\"http:\/\/versusconsultores.eu\/index.php\/inicio\/expertise3x-2\/\" class=\"wp-image-505\"\/><\/figure><\/li><li class=\"blocks-gallery-item\"><figure><img loading=\"lazy\" width=\"166\" height=\"45\" src=\"http:\/\/versusconsultores.eu\/wp-content\/uploads\/2019\/06\/talent@3x-1.png\" alt=\"\" data-id=\"506\" data-link=\"http:\/\/versusconsultores.eu\/index.php\/inicio\/talent3x-2\/\" class=\"wp-image-506\"\/><\/figure><\/li><\/ul><\/figure>\n\n\n\n<p class=\"has-drop-cap has-text-align-left has-text-color has-medium-font-size\" style=\"color:#5b5e60\">La marca Versus Skills Training se dedica a la Consultor\u00eda de Formaci\u00f3n.<\/p>\n\n\n\n<p class=\"has-text-align-center has-text-color has-medium-font-size\" style=\"color:#5b5e60\"><em>Hacemos programas formativos a medida, orientados a necesidades espec\u00edficas. Escuchamos a nuestros clientes. Esta escucha tambi\u00e9n nos lleva a Identificar nuevas necesidades emergentes dentro de las propias sesiones de formaci\u00f3n.<\/em><\/p>\n\n\n\n<blockquote class=\"wp-block-quote has-text-align-center is-style-default\"><p><em>Aseguramos en cada momento la\u00a0transferencia\u00a0de\u00a0conocimientos\u00a0al\u00a0puesto de trabajo\u00a0a trav\u00e9s de planes de\u00a0acci\u00f3n\u00a0y\u00a0seguimiento. <\/em><\/p><p><em>Las <strong>HABILIDADES<\/strong> aprendidas se practican durante la formaci\u00f3n, para despu\u00e9s ponerlas en pr\u00e1ctica al d\u00eda siguiente.<\/em><\/p><\/blockquote>\n\n\n\n<h2 class=\"has-text-align-center\" style=\"font-size:22px\"><strong>Nuestra Metodolog\u00eda: Se basa en juegos, din\u00e1micas, foros y planes de acci\u00f3n.<\/strong><\/h2>\n\n\n\n<h4 class=\"has-text-align-center has-black-color has-text-color has-medium-font-size\">\u201d Hacemos que trabajes en el seguimiento de la formaci\u00f3n, para que no pierdas el hilo de lo que est\u00e1s aprendiendo \u201c.<\/h4>\n\n\n\n<p class=\"has-drop-cap has-text-align-right has-text-color has-small-font-size\" style=\"color:#5d5a5a\">Dale un vistazo a  \u00ab<strong>Blog<\/strong>\u00bb el espacio donde colgamos algunos ejemplos de Case Study realizados en clientes .<em>Trabajamos con clientes del sector: moda, industria, alimentaci\u00f3n y bebidas, sanidad, distribuci\u00f3n, banca, tecnol\u00f3gico, siempre orientados a la obtenci\u00f3n de resultados.<\/em><\/p>\n\n\n\n<hr class=\"wp-block-separator is-style-dots\"\/>\n\n\n\n<div class=\"wp-block-image\"><figure class=\"aligncenter\"><img loading=\"lazy\" width=\"265\" height=\"56\" src=\"http:\/\/versusconsultores.eu\/wp-content\/uploads\/2019\/06\/expertise@3x-2.png\" alt=\"\" class=\"wp-image-509\"\/><\/figure><\/div>\n\n\n\n<div style=\"height:30px\" aria-hidden=\"true\" class=\"wp-block-spacer\"><\/div>\n\n\n\n<hr class=\"wp-block-separator is-style-wide\"\/>\n\n\n\n<div style=\"height:20px\" aria-hidden=\"true\" class=\"wp-block-spacer\"><\/div>\n\n\n\n<div class=\"wp-block-media-text alignwide has-media-on-the-right\" style=\"grid-template-columns:auto 33%\"><figure class=\"wp-block-media-text__media\"><img loading=\"lazy\" width=\"635\" height=\"666\" src=\"http:\/\/versusconsultores.eu\/wp-content\/uploads\/2019\/06\/Imagotipo-Versus@4x.png\" alt=\"\" class=\"wp-image-461\" srcset=\"http:\/\/versusconsultores.eu\/wp-content\/uploads\/2019\/06\/Imagotipo-Versus@4x.png 635w, http:\/\/versusconsultores.eu\/wp-content\/uploads\/2019\/06\/Imagotipo-Versus@4x-286x300.png 286w\" sizes=\"(max-width: 635px) 100vw, 635px\" \/><\/figure><div class=\"wp-block-media-text__content\">\n<p class=\"has-text-color has-large-font-size\" style=\"color:#0f8bd2\"><strong>HABILIDADES PERSONALES<\/strong><\/p>\n<\/div><\/div>\n\n\n\n<p class=\"has-drop-cap has-text-color has-background has-medium-font-size\" style=\"background-color:#5f6264;color:#f8fbfc\"><strong>COMUNICACI\u00d3N TRANSVERSAL :<\/strong> Dirigido a cualquier persona de la organizaci\u00f3n que tenga que mejorar sus HABILIDADES COMUNICATIVAS.  <\/p>\n\n\n\n<figure class=\"wp-block-image\"><img loading=\"lazy\" width=\"749\" height=\"345\" src=\"http:\/\/versusconsultores.eu\/wp-content\/uploads\/2020\/04\/Development_team.png\" alt=\"\" class=\"wp-image-599\" srcset=\"http:\/\/versusconsultores.eu\/wp-content\/uploads\/2020\/04\/Development_team.png 749w, http:\/\/versusconsultores.eu\/wp-content\/uploads\/2020\/04\/Development_team-300x138.png 300w\" sizes=\"(max-width: 706px) 89vw, (max-width: 767px) 82vw, 740px\" \/><\/figure>\n\n\n\n<p class=\"has-drop-cap has-text-color has-background has-medium-font-size\" style=\"background-color:#0f8bd2;color:#f8fbfc\"><strong>COMUNICACI\u00d3N INTERPERSONAL :<\/strong> Habilidades para la mejora de la <strong>comunicaci\u00f3n<\/strong> interpersonal <strong>de<\/strong> <strong>persona<\/strong> a <strong>persona<\/strong>. Para mejorar los aspectos <strong>EMOCIONALES<\/strong> que hay en toda <strong>comunicaci\u00f3n<\/strong> y obtener <strong>resultados eficaces<\/strong>. <\/p>\n\n\n\n<p class=\"has-drop-cap has-text-color has-background has-medium-font-size\" style=\"background-color:#5f6264;color:#f8fbfc\"><strong>GESTI\u00d3N positiva del CONFLICTO.<\/strong> <br><strong>Origen y ubicaci\u00f3n de los conflictos.<\/strong>  <br><strong>Proceso, evoluci\u00f3n y agravamiento de los conflictos.<\/strong> <br><strong>Conocimiento de las principales estrategias para RESOLVER CONFLICTOS<\/strong>  <br><strong>Desarrollar HABILIDADES para la GESTI\u00d3N POSITIVA de los CONFLICTOS<\/strong> <\/p>\n\n\n\n<p class=\"has-drop-cap has-text-color has-background has-medium-font-size\" style=\"background-color:#0f8bd2;color:#f8fbfc\"><strong>EQUIPO : Los colores del \u00e9xito de un EQUIPO PRODUCTIVO. <\/strong> <br><strong>Facilitamos las habilidades para conseguir el grado deseado de engagement de las organizaciones.<\/strong> <strong> <a href=\"http:\/\/versusconsultores.eu\/index.php\/programas\/\">Saber m\u00e1s &#8230;<\/a><\/strong><\/p>\n\n\n\n<p class=\"has-drop-cap has-text-color has-background has-medium-font-size\" style=\"background-color:#5f6264;color:#f8fbfc\"><strong>CUIDA-T :<\/strong> <strong>Este curso pretende conseguir un cambio de actitud efectivo en cuanto a la orientaci\u00f3n al cliente interno y externo. Facilita a los participantes las habilidades y t\u00e9cnicas necesarias para cuidarse como personas y profesionales que son.<\/strong> <\/p>\n\n\n\n<div class=\"wp-block-columns has-2-columns\">\n<div class=\"wp-block-column\">\n<h4 class=\"has-text-align-left\">OBJETIVOS:<\/h4>\n\n\n\n<p class=\"has-text-align-left has-text-color\" style=\"font-size:14px;color:#5f6264\"><strong>Facilitar un cambio de actitud en cuanto a las relaciones con el cliente interno y el externo.    <\/strong><\/p>\n\n\n\n<p class=\"has-text-color\" style=\"font-size:14px;color:#5f6264\"><strong>Sensibilizar sobre la orientaci\u00f3n positiva en el trato con el cliente.      <\/strong><\/p>\n\n\n\n<p class=\"has-text-color\" style=\"font-size:14px;color:#5f6264\"><strong>Hacer referencia al efecto del servicio personal sobre los resultados.     <\/strong><\/p>\n\n\n\n<p class=\"has-text-color\" style=\"font-size:14px;color:#5f6264\"><strong>Hacer mejor aquello que ya hacemos bien. <\/strong>   <\/p>\n<\/div>\n\n\n\n<div class=\"wp-block-column\">\n<h4 class=\"has-text-align-left\">BENEFICIOS:<\/h4>\n\n\n\n<p class=\"has-text-color\" style=\"font-size:14px;color:#0f8bd2\"><strong>Desarrolla una sensibilidad hacia el cliente<\/strong><\/p>\n\n\n\n<p class=\"has-text-color\" style=\"font-size:14px;color:#0f8bd2\"><strong>Los empleados\/as trabajan sabiendo lo que se espera de ellos\/as<\/strong><\/p>\n\n\n\n<p class=\"has-text-color\" style=\"font-size:14px;color:#0f8bd2\"><strong>Todos se dirigen a un mismo objetivo<\/strong><\/p>\n\n\n\n<p class=\"has-text-color\" style=\"font-size:14px;color:#0f8bd2\"><strong>Saben en que momento ayudarse<\/strong><\/p>\n\n\n\n<p class=\"has-text-color\" style=\"font-size:14px;color:#0f8bd2\"><strong>Fideliza a la clientela <\/strong><\/p>\n<\/div>\n<\/div>\n\n\n\n<div style=\"height:20px\" aria-hidden=\"true\" class=\"wp-block-spacer\"><\/div>\n\n\n\n<div class=\"wp-block-media-text alignwide\" style=\"grid-template-columns:59% auto\"><figure class=\"wp-block-media-text__media\"><img loading=\"lazy\" width=\"1024\" height=\"684\" src=\"http:\/\/versusconsultores.eu\/wp-content\/uploads\/2020\/04\/Team-work-1-1024x684.jpg\" alt=\"\" class=\"wp-image-531\" srcset=\"http:\/\/versusconsultores.eu\/wp-content\/uploads\/2020\/04\/Team-work-1-1024x684.jpg 1024w, http:\/\/versusconsultores.eu\/wp-content\/uploads\/2020\/04\/Team-work-1-300x200.jpg 300w, http:\/\/versusconsultores.eu\/wp-content\/uploads\/2020\/04\/Team-work-1-768x513.jpg 768w, http:\/\/versusconsultores.eu\/wp-content\/uploads\/2020\/04\/Team-work-1.jpg 1170w\" sizes=\"(max-width: 767px) 89vw, (max-width: 1000px) 54vw, (max-width: 1071px) 543px, 580px\" \/><\/figure><div class=\"wp-block-media-text__content\">\n<p class=\"has-text-align-right has-text-color\" style=\"font-size:24px;color:#909da7\"><em><strong>TRANSFORMA TU EMPRESA EN UN GRAN LUGAR DE TRABAJO <\/strong><\/em><\/p>\n<\/div><\/div>\n","protected":false},"excerpt":{"rendered":"<p>La marca Versus Skills Training se dedica a la Consultor\u00eda de Formaci\u00f3n. Hacemos programas formativos a medida, orientados a necesidades espec\u00edficas. Escuchamos a nuestros clientes. Esta escucha tambi\u00e9n nos lleva a Identificar nuevas necesidades emergentes dentro de las propias sesiones de formaci\u00f3n. Aseguramos en cada momento la\u00a0transferencia\u00a0de\u00a0conocimientos\u00a0al\u00a0puesto de trabajo\u00a0a trav\u00e9s de planes de\u00a0acci\u00f3n\u00a0y\u00a0seguimiento. Las HABILIDADES &hellip; <\/p>\n<p class=\"link-more\"><a href=\"http:\/\/versusconsultores.eu\/\" class=\"more-link\">Continuar leyendo<span class=\"screen-reader-text\"> \u00ab\u00bfQuienes somos y que hacemos ?\u00bb<\/span><\/a><\/p>\n","protected":false},"author":1,"featured_media":0,"parent":0,"menu_order":1,"comment_status":"closed","ping_status":"closed","template":"","meta":[],"_links":{"self":[{"href":"http:\/\/versusconsultores.eu\/index.php\/wp-json\/wp\/v2\/pages\/7"}],"collection":[{"href":"http:\/\/versusconsultores.eu\/index.php\/wp-json\/wp\/v2\/pages"}],"about":[{"href":"http:\/\/versusconsultores.eu\/index.php\/wp-json\/wp\/v2\/types\/page"}],"author":[{"embeddable":true,"href":"http:\/\/versusconsultores.eu\/index.php\/wp-json\/wp\/v2\/users\/1"}],"replies":[{"embeddable":true,"href":"http:\/\/versusconsultores.eu\/index.php\/wp-json\/wp\/v2\/comments?post=7"}],"version-history":[{"count":111,"href":"http:\/\/versusconsultores.eu\/index.php\/wp-json\/wp\/v2\/pages\/7\/revisions"}],"predecessor-version":[{"id":1011,"href":"http:\/\/versusconsultores.eu\/index.php\/wp-json\/wp\/v2\/pages\/7\/revisions\/1011"}],"wp:attachment":[{"href":"http:\/\/versusconsultores.eu\/index.php\/wp-json\/wp\/v2\/media?parent=7"}],"curies":[{"name":"wp","href":"https:\/\/api.w.org\/{rel}","templated":true}]}}